{"id":1162,"date":"2024-10-21T13:05:15","date_gmt":"2024-10-21T13:05:15","guid":{"rendered":"https:\/\/merkezotolastik.com.tr\/?page_id=1162"},"modified":"2024-10-21T13:05:17","modified_gmt":"2024-10-21T13:05:17","slug":"hakkimizda","status":"publish","type":"page","link":"https:\/\/merkezotolastik.com.tr\/index.php\/hakkimizda\/","title":{"rendered":"Hakk\u0131m\u0131zda"},"content":{"rendered":"<p>Biz, otomobil lastikleri konusunda uzmanla\u015fm\u0131\u015f bir firma olarak sekt\u00f6rde \u00f6nde gelen bir isimiz. Sundu\u011fumuz geni\u015f \u00fcr\u00fcn yelpazesiyle m\u00fc\u015fterilerimize kalite ve g\u00fcven sunuyoruz. Y\u0131llar\u0131n verdi\u011fi deneyim ve teknik bilgi ile her t\u00fcrl\u00fc otomobil ve ara\u00e7 tipi i\u00e7in en uygun lastikleri sunuyoruz.<\/p><p>M\u00fc\u015fteri memnuniyeti, bizim i\u00e7in en \u00fcst \u00f6nceliktir. Her m\u00fc\u015fterimizin ihtiya\u00e7lar\u0131na \u00f6zel \u00e7\u00f6z\u00fcmler \u00fcreterek, g\u00fcvenli ve ekonomik s\u00fcr\u00fc\u015f deneyimleri ya\u015fatmay\u0131 ama\u00e7l\u0131yoruz. Kalite standartlar\u0131ndan \u00f6d\u00fcn vermeden, \u00f6nde gelen markalar\u0131n \u00fcr\u00fcnlerini stoklar\u0131m\u0131zda bulunduruyoruz.<\/p><p>Tecr\u00fcbeli ekibimiz, lastik montaj\u0131, dengeleme ve di\u011fer hizmetlerde titizlikle \u00e7al\u0131\u015farak ara\u00e7lar\u0131n\u0131z\u0131n performans\u0131n\u0131 en \u00fcst seviyeye \u00e7\u0131kar\u0131yor. Ayr\u0131ca, lastik bak\u0131m\u0131 ve rotasyonu gibi konularda da dan\u0131\u015fmanl\u0131k sa\u011fl\u0131yoruz.<\/p><p>\u00c7evreye duyarl\u0131l\u0131k da \u00f6nceliklerimiz aras\u0131nda. Geri d\u00f6n\u00fc\u015f\u00fcme destek veriyor, \u00e7evresel etkileri en aza indirgemek i\u00e7in \u00e7al\u0131\u015f\u0131yoruz.<\/p><p>Her bir m\u00fc\u015fterimizin g\u00fcvenini kazanmak ve onlar\u0131n yolda g\u00fcvende olmalar\u0131n\u0131 sa\u011flamak i\u00e7in buraday\u0131z. Kaliteli \u00fcr\u00fcnlerimiz, uzman ekibimiz ve m\u00fc\u015fteri odakl\u0131 yakla\u015f\u0131m\u0131m\u0131zla, en iyi otomobil lastik hizmetini sunmak i\u00e7in \u00e7abal\u0131yoruz.<\/p>","protected":false},"excerpt":{"rendered":"<p>Biz, otomobil lastikleri konusunda uzmanla\u015fm\u0131\u015f bir firma olarak sekt\u00f6rde \u00f6nde gelen bir isimiz. Sundu\u011fumuz geni\u015f \u00fcr\u00fcn yelpazesiyle m\u00fc\u015fterilerimize kalite ve<\/p>\n","protected":false},"author":1,"featured_media":0,"parent":0,"menu_order":0,"comment_status":"closed","ping_status":"closed","template":"","meta":{"footnotes":""},"class_list":["post-1162","page","type-page","status-publish","hentry"],"_links":{"self":[{"href":"https:\/\/merkezotolastik.com.tr\/index.php\/wp-json\/wp\/v2\/pages\/1162","targetHints":{"allow":["GET"]}}],"collection":[{"href":"https:\/\/merkezotolastik.com.tr\/index.php\/wp-json\/wp\/v2\/pages"}],"about":[{"href":"https:\/\/merkezotolastik.com.tr\/index.php\/wp-json\/wp\/v2\/types\/page"}],"author":[{"embeddable":true,"href":"https:\/\/merkezotolastik.com.tr\/index.php\/wp-json\/wp\/v2\/users\/1"}],"replies":[{"embeddable":true,"href":"https:\/\/merkezotolastik.com.tr\/index.php\/wp-json\/wp\/v2\/comments?post=1162"}],"version-history":[{"count":1,"href":"https:\/\/merkezotolastik.com.tr\/index.php\/wp-json\/wp\/v2\/pages\/1162\/revisions"}],"predecessor-version":[{"id":1163,"href":"https:\/\/merkezotolastik.com.tr\/index.php\/wp-json\/wp\/v2\/pages\/1162\/revisions\/1163"}],"wp:attachment":[{"href":"https:\/\/merkezotolastik.com.tr\/index.php\/wp-json\/wp\/v2\/media?parent=1162"}],"curies":[{"name":"wp","href":"https:\/\/api.w.org\/{rel}","templated":true}]}}